{"id":2858,"date":"2023-02-26T15:04:43","date_gmt":"2023-02-26T15:04:43","guid":{"rendered":"https:\/\/artweast.com\/?post_type=product&#038;p=2858"},"modified":"2023-03-05T14:20:01","modified_gmt":"2023-03-05T14:20:01","slug":"paysages","status":"publish","type":"product","link":"https:\/\/artweast.com\/fr\/produit\/paysages\/","title":{"rendered":"Paysages"},"content":{"rendered":"<p><strong>Mat\u00e9riau<\/strong>: acrylique<\/p>\n<p><strong>Support<\/strong> : sur toile<\/p>\n<p>voyages de lieu en lieu<\/p>\n<p>la toile peut \u00eatre accroch\u00e9e directement au mur, toile vendue sans cadre<\/p>\n","protected":false},"excerpt":{"rendered":"<p>Mat\u00e9riau: acrylique Support : sur toile voyages de lieu en lieu la toile peut \u00eatre accroch\u00e9e directement au mur, toile vendue sans cadre<\/p>\n","protected":false},"featured_media":2877,"template":"","meta":{"_et_pb_use_builder":"","_et_pb_old_content":"","_et_gb_content_width":""},"product_cat":[47],"product_tag":[],"_links":{"self":[{"href":"https:\/\/artweast.com\/fr\/wp-json\/wp\/v3\/product\/2858"}],"collection":[{"href":"https:\/\/artweast.com\/fr\/wp-json\/wp\/v3\/product"}],"about":[{"href":"https:\/\/artweast.com\/fr\/wp-json\/wp\/v2\/types\/product"}],"wp:featuredmedia":[{"embeddable":true,"href":"https:\/\/artweast.com\/fr\/wp-json\/wp\/v2\/media\/2877"}],"wp:attachment":[{"href":"https:\/\/artweast.com\/fr\/wp-json\/wp\/v2\/media?parent=2858"}],"wp:term":[{"taxonomy":"product_cat","embeddable":true,"href":"https:\/\/artweast.com\/fr\/wp-json\/wp\/v2\/product_cat?post=2858"},{"taxonomy":"product_tag","embeddable":true,"href":"https:\/\/artweast.com\/fr\/wp-json\/wp\/v2\/product_tag?post=2858"}],"curies":[{"name":"wp","href":"https:\/\/api.w.org\/{rel}","templated":true}]}}