{"id":2834,"date":"2023-02-04T13:37:59","date_gmt":"2023-02-04T13:37:59","guid":{"rendered":"https:\/\/artweast.com\/?post_type=product&#038;p=2834"},"modified":"2023-12-24T08:45:10","modified_gmt":"2023-12-24T08:45:10","slug":"enfance","status":"publish","type":"product","link":"https:\/\/artweast.com\/fr\/produit\/enfance\/","title":{"rendered":"Enfance"},"content":{"rendered":"<p><b>Mat\u00e9riau<\/b> <span style=\"font-weight: 400;\">: a<\/span><span style=\"font-weight: 400;\">crylique<\/span><\/p>\n<p><b>Support :<\/b> <span style=\"font-weight: 400;\">sur carton toile<\/span><\/p>\n<p><span style=\"font-weight: 400;\">Le tableau est dans un cadre bleu-gris 41&#215;53 x1.5 cm. <\/span><\/p>\n<p>&nbsp;<\/p>\n","protected":false},"excerpt":{"rendered":"<p>L\u2019un de mes souvenirs d\u2019enfance est d\u2019avoir jou\u00e9, dans les fins d\u2019apr\u00e8s-midi, dans une oliveraie o\u00f9 il y avait aussi des cypr\u00e8s.<\/p>\n","protected":false},"featured_media":2869,"template":"","meta":{"_et_pb_use_builder":"","_et_pb_old_content":"","_et_gb_content_width":""},"product_cat":[47],"product_tag":[],"_links":{"self":[{"href":"https:\/\/artweast.com\/fr\/wp-json\/wp\/v3\/product\/2834"}],"collection":[{"href":"https:\/\/artweast.com\/fr\/wp-json\/wp\/v3\/product"}],"about":[{"href":"https:\/\/artweast.com\/fr\/wp-json\/wp\/v2\/types\/product"}],"wp:featuredmedia":[{"embeddable":true,"href":"https:\/\/artweast.com\/fr\/wp-json\/wp\/v2\/media\/2869"}],"wp:attachment":[{"href":"https:\/\/artweast.com\/fr\/wp-json\/wp\/v2\/media?parent=2834"}],"wp:term":[{"taxonomy":"product_cat","embeddable":true,"href":"https:\/\/artweast.com\/fr\/wp-json\/wp\/v2\/product_cat?post=2834"},{"taxonomy":"product_tag","embeddable":true,"href":"https:\/\/artweast.com\/fr\/wp-json\/wp\/v2\/product_tag?post=2834"}],"curies":[{"name":"wp","href":"https:\/\/api.w.org\/{rel}","templated":true}]}}