{"id":2403,"date":"2022-04-24T20:35:15","date_gmt":"2022-04-24T20:35:15","guid":{"rendered":"https:\/\/artweast.com\/product\/imperfect-world-10\/"},"modified":"2022-04-24T20:35:15","modified_gmt":"2022-04-24T20:35:15","slug":"imperfect-world-10-2","status":"publish","type":"product","link":"https:\/\/artweast.com\/fr\/produit\/imperfect-world-10-2\/","title":{"rendered":"Imperfect World #10"},"content":{"rendered":"<p><span style=\"font-weight: 400;\">Mat\u00e9riaux utilis\u00e9s : aquarelle, sumi-ink, p\u00e9tales d\u2019artificiels, collage<\/span><\/p>\n<p><span style=\"font-weight: 400;\">Le calme, l\u2019anxi\u00e9t\u00e9, le bruit, la passion et un peu d\u2019\u00e9nergie, mis ensemble c\u00f4te \u00e0 c\u00f4te, harmonie.<\/span><\/p>\n","protected":false},"excerpt":{"rendered":"<p><span style=\"font-weight: 400;\">Le calme, l\u2019anxi\u00e9t\u00e9, le bruit, la passion et l\u2019\u00e9nergie, tout en m\u00eame temps.<\/span><\/p>\n","protected":false},"featured_media":1798,"template":"","meta":{"_et_pb_use_builder":"","_et_pb_old_content":"","_et_gb_content_width":""},"product_cat":[48],"product_tag":[],"_links":{"self":[{"href":"https:\/\/artweast.com\/fr\/wp-json\/wp\/v3\/product\/2403"}],"collection":[{"href":"https:\/\/artweast.com\/fr\/wp-json\/wp\/v3\/product"}],"about":[{"href":"https:\/\/artweast.com\/fr\/wp-json\/wp\/v2\/types\/product"}],"wp:featuredmedia":[{"embeddable":true,"href":"https:\/\/artweast.com\/fr\/wp-json\/wp\/v2\/media\/1798"}],"wp:attachment":[{"href":"https:\/\/artweast.com\/fr\/wp-json\/wp\/v2\/media?parent=2403"}],"wp:term":[{"taxonomy":"product_cat","embeddable":true,"href":"https:\/\/artweast.com\/fr\/wp-json\/wp\/v2\/product_cat?post=2403"},{"taxonomy":"product_tag","embeddable":true,"href":"https:\/\/artweast.com\/fr\/wp-json\/wp\/v2\/product_tag?post=2403"}],"curies":[{"name":"wp","href":"https:\/\/api.w.org\/{rel}","templated":true}]}}