{"id":2388,"date":"2022-04-24T21:11:48","date_gmt":"2022-04-24T21:11:48","guid":{"rendered":"https:\/\/artweast.com\/product\/imperfect-world-63\/"},"modified":"2022-08-28T14:08:23","modified_gmt":"2022-08-28T14:08:23","slug":"imperfect-world-63","status":"publish","type":"product","link":"https:\/\/artweast.com\/fr\/produit\/imperfect-world-63\/","title":{"rendered":"Imperfect World #63"},"content":{"rendered":"<p><span style=\"font-weight: 400;\">Mat\u00e9riaux utilis\u00e9s : aquarelle, sumi-ink, papier calque, collage<\/span><\/p>\n<p>Ce tableau est vendu avec le cadre<\/p>\n<p><span style=\"font-weight: 400;\">Mes couleurs de base \u00e9taient le noir, le blanc, l\u2019or et le rouge, mais un jour, j\u2019ai voulu essayer une couleur inhabituelle, le jaune. C\u2019est l\u2019une de mes couleurs favorites, qui me rend \u00e9nergique et positive. <\/span><\/p>\n<p><span style=\"font-weight: 400;\">D\u2019une certaine mani\u00e8re, je ne l\u2019avais pas int\u00e9gr\u00e9e dans mon travail jusque-l\u00e0. En explorant une couleur diff\u00e9rente, j\u2019ai trouv\u00e9 un autre style et d\u2019autres possibilit\u00e9s.<\/span><\/p>\n<p>&nbsp;<\/p>\n","protected":false},"excerpt":{"rendered":"<p><span style=\"font-weight: 400;\"> Le jaune, couleur \u00e9trange.<\/span><\/p>\n","protected":false},"featured_media":1999,"template":"","meta":{"_et_pb_use_builder":"","_et_pb_old_content":"","_et_gb_content_width":""},"product_cat":[48],"product_tag":[],"_links":{"self":[{"href":"https:\/\/artweast.com\/fr\/wp-json\/wp\/v3\/product\/2388"}],"collection":[{"href":"https:\/\/artweast.com\/fr\/wp-json\/wp\/v3\/product"}],"about":[{"href":"https:\/\/artweast.com\/fr\/wp-json\/wp\/v2\/types\/product"}],"wp:featuredmedia":[{"embeddable":true,"href":"https:\/\/artweast.com\/fr\/wp-json\/wp\/v2\/media\/1999"}],"wp:attachment":[{"href":"https:\/\/artweast.com\/fr\/wp-json\/wp\/v2\/media?parent=2388"}],"wp:term":[{"taxonomy":"product_cat","embeddable":true,"href":"https:\/\/artweast.com\/fr\/wp-json\/wp\/v2\/product_cat?post=2388"},{"taxonomy":"product_tag","embeddable":true,"href":"https:\/\/artweast.com\/fr\/wp-json\/wp\/v2\/product_tag?post=2388"}],"curies":[{"name":"wp","href":"https:\/\/api.w.org\/{rel}","templated":true}]}}