{"id":2378,"date":"2022-06-26T15:52:01","date_gmt":"2022-06-26T15:52:01","guid":{"rendered":"https:\/\/artweast.com\/product\/20-06-24\/"},"modified":"2022-08-28T12:36:20","modified_gmt":"2022-08-28T12:36:20","slug":"20-06-24","status":"publish","type":"product","link":"https:\/\/artweast.com\/fr\/produit\/20-06-24\/","title":{"rendered":"20-07-13"},"content":{"rendered":"<p><b>Support<\/b><span style=\"font-weight: 400;\"> : PAPIER DE RIZ FAIT A LA MAIN<\/span><\/p>\n<p><span style=\"font-weight: 400;\">Le nom du papier est KADOIDE WASHI et voici le site du fabriquant de papier au Japon<\/span><a href=\"https:\/\/www.kadoidewashi.com\/\" target=\"_blank\" rel=\"noopener\"><span style=\"font-weight: 400;\">(kadoidewashi.com) <\/span><\/a> <\/p>\n<p><span style=\"font-weight: 400;\">Ce tableau n&#8217;est pas encadr\u00e9, merci nous contacter si vous en souhaitez un.<\/span><\/p>\n","protected":false},"excerpt":{"rendered":"<p><span style=\"font-weight: 400;\">Le titre est la date \u00e0 laquelle le tableau a \u00e9t\u00e9 r\u00e9alis\u00e9 : 13 Juillet 2020<\/span><\/p>\n","protected":false},"featured_media":1972,"template":"","meta":{"_et_pb_use_builder":"","_et_pb_old_content":"","_et_gb_content_width":""},"product_cat":[48],"product_tag":[],"_links":{"self":[{"href":"https:\/\/artweast.com\/fr\/wp-json\/wp\/v3\/product\/2378"}],"collection":[{"href":"https:\/\/artweast.com\/fr\/wp-json\/wp\/v3\/product"}],"about":[{"href":"https:\/\/artweast.com\/fr\/wp-json\/wp\/v2\/types\/product"}],"wp:featuredmedia":[{"embeddable":true,"href":"https:\/\/artweast.com\/fr\/wp-json\/wp\/v2\/media\/1972"}],"wp:attachment":[{"href":"https:\/\/artweast.com\/fr\/wp-json\/wp\/v2\/media?parent=2378"}],"wp:term":[{"taxonomy":"product_cat","embeddable":true,"href":"https:\/\/artweast.com\/fr\/wp-json\/wp\/v2\/product_cat?post=2378"},{"taxonomy":"product_tag","embeddable":true,"href":"https:\/\/artweast.com\/fr\/wp-json\/wp\/v2\/product_tag?post=2378"}],"curies":[{"name":"wp","href":"https:\/\/api.w.org\/{rel}","templated":true}]}}