{"id":2367,"date":"2022-04-24T18:17:33","date_gmt":"2022-04-24T18:17:33","guid":{"rendered":"https:\/\/artweast.com\/product\/petit-carnaval\/"},"modified":"2022-04-24T18:17:33","modified_gmt":"2022-04-24T18:17:33","slug":"petit-carnaval","status":"publish","type":"product","link":"https:\/\/artweast.com\/fr\/produit\/petit-carnaval\/","title":{"rendered":"Petit Carnaval"},"content":{"rendered":"<p><b>Mat\u00e9riau<\/b><span style=\"font-weight: 400;\">: A<\/span><span style=\"font-weight: 400;\">crylique \/ collage <\/span> <\/p>\n<p><b>Support :<\/b> <span style=\"font-weight: 400;\">sur papier<\/span> <\/p>\n<p>Ce tableau est encadr\u00e9<\/p>\n<p><span style=\"font-weight: 400;\">Peint en 2021, quand nous devions rester chez nous j\u2019ai imagin\u00e9 des danses, des jeux et des battements de coeur dans des situations rocambolesques. <\/span><\/p>\n<p>&nbsp;<\/p>\n","protected":false},"excerpt":{"rendered":"<p><span style=\"font-weight: 400;\"> Le Carnaval en Italie, dans mon enfance, j\u2019en \u00e9tais fascin\u00e9e Ces myst\u00e9rieux costumes, masques, couleurs et histoires entre gens.<\/span><\/p>\n","protected":false},"featured_media":1948,"template":"","meta":{"_et_pb_use_builder":"","_et_pb_old_content":"","_et_gb_content_width":""},"product_cat":[50,48],"product_tag":[],"_links":{"self":[{"href":"https:\/\/artweast.com\/fr\/wp-json\/wp\/v3\/product\/2367"}],"collection":[{"href":"https:\/\/artweast.com\/fr\/wp-json\/wp\/v3\/product"}],"about":[{"href":"https:\/\/artweast.com\/fr\/wp-json\/wp\/v2\/types\/product"}],"wp:featuredmedia":[{"embeddable":true,"href":"https:\/\/artweast.com\/fr\/wp-json\/wp\/v2\/media\/1948"}],"wp:attachment":[{"href":"https:\/\/artweast.com\/fr\/wp-json\/wp\/v2\/media?parent=2367"}],"wp:term":[{"taxonomy":"product_cat","embeddable":true,"href":"https:\/\/artweast.com\/fr\/wp-json\/wp\/v2\/product_cat?post=2367"},{"taxonomy":"product_tag","embeddable":true,"href":"https:\/\/artweast.com\/fr\/wp-json\/wp\/v2\/product_tag?post=2367"}],"curies":[{"name":"wp","href":"https:\/\/api.w.org\/{rel}","templated":true}]}}