{"id":3025,"date":"2023-04-15T15:45:53","date_gmt":"2023-04-15T15:45:53","guid":{"rendered":"https:\/\/artweast.com\/moktar-seck\/"},"modified":"2023-04-15T17:01:10","modified_gmt":"2023-04-15T17:01:10","slug":"moktar-seck","status":"publish","type":"page","link":"https:\/\/artweast.com\/fr\/artistes\/moktar-seck\/","title":{"rendered":"Moktar Seck"},"content":{"rendered":"<p>[et_pb_section fb_built=&#8221;1&#8243; admin_label=&#8221;Section&#8221; _builder_version=&#8221;4.17.3&#8243; _module_preset=&#8221;835957e5-3c94-440c-bdcd-05d3ceefc171&#8243; custom_padding=&#8221;|||120px||&#8221; custom_padding_phone=&#8221;32px|24px|0px|24px|false|true&#8221; global_colors_info=&#8221;{}&#8221;][et_pb_row column_structure=&#8221;1_4,3_4&#8243; use_custom_gutter=&#8221;on&#8221; gutter_width=&#8221;1&#8243; make_equal=&#8221;on&#8221; module_class=&#8221;artist-header&#8221; _builder_version=&#8221;4.17.3&#8243; _module_preset=&#8221;e8405bc0-6af0-4abb-b47a-8624485a170e&#8221; width_phone=&#8221;100%&#8221; global_colors_info=&#8221;{}&#8221;][et_pb_column type=&#8221;1_4&#8243; module_class=&#8221;ds-vertical-align&#8221; _builder_version=&#8221;4.16&#8243; _module_preset=&#8221;default&#8221; global_colors_info=&#8221;{}&#8221;][et_pb_image src=&#8221;https:\/\/artweast.com\/wp-content\/uploads\/2023\/04\/artweast-moktar-seck.jpg&#8221; title_text=&#8221;artweast-moktar-seck&#8221; _builder_version=&#8221;4.19.1&#8243; _module_preset=&#8221;default&#8221; width=&#8221;70%&#8221; width_tablet=&#8221;70%&#8221; width_phone=&#8221;164px&#8221; width_last_edited=&#8221;on|phone&#8221; max_width=&#8221;220px&#8221; custom_margin_tablet=&#8221;&#8221; custom_margin_phone=&#8221;||24px||false|false&#8221; custom_margin_last_edited=&#8221;on|phone&#8221; border_radii=&#8221;on|100%|100%|100%|100%&#8221; global_colors_info=&#8221;{}&#8221; hover_enabled=&#8221;0&#8243; sticky_enabled=&#8221;0&#8243;][\/et_pb_image][\/et_pb_column][et_pb_column type=&#8221;3_4&#8243; module_class=&#8221;artist-right-column&#8221; _builder_version=&#8221;4.16&#8243; _module_preset=&#8221;default&#8221; global_colors_info=&#8221;{}&#8221;][et_pb_text _builder_version=&#8221;4.18.0&#8243; _module_preset=&#8221;8d0aa967-416c-4687-a659-6ea4ad4be2b7&#8243; text_text_color=&#8221;gcid-b618e665-b5cb-409f-a5ce-a0d220729f29&#8243; width=&#8221;100%&#8221; custom_margin=&#8221;||4px||false|false&#8221; header_font_size_tablet=&#8221;&#8221; header_font_size_phone=&#8221;44px&#8221; header_font_size_last_edited=&#8221;on|phone&#8221; global_colors_info=&#8221;{%22gcid-b618e665-b5cb-409f-a5ce-a0d220729f29%22:%91%22text_text_color%22%93}&#8221;]<\/p>\n<h1>Moktar Seck<\/h1>\n<p>[\/et_pb_text][et_pb_text _builder_version=&#8221;4.19.1&#8243; _module_preset=&#8221;8d0aa967-416c-4687-a659-6ea4ad4be2b7&#8243; text_text_color=&#8221;gcid-b618e665-b5cb-409f-a5ce-a0d220729f29&#8243; custom_margin=&#8221;0px|8px|0px|0px|true|false&#8221; global_colors_info=&#8221;{%22gcid-b618e665-b5cb-409f-a5ce-a0d220729f29%22:%91%22text_text_color%22%93}&#8221; hover_enabled=&#8221;0&#8243; sticky_enabled=&#8221;0&#8243;]<span class=\"artist-tag\"><i class=\"artist-tag-icon fas fa-map-marker-alt\"><\/i> Nouakchott<\/span>[\/et_pb_text][et_pb_text _builder_version=&#8221;4.19.1&#8243; _module_preset=&#8221;8d0aa967-416c-4687-a659-6ea4ad4be2b7&#8243; text_text_color=&#8221;gcid-b618e665-b5cb-409f-a5ce-a0d220729f29&#8243; custom_margin=&#8221;0px|8px|0px|0px|true|false&#8221; global_colors_info=&#8221;{%22gcid-b618e665-b5cb-409f-a5ce-a0d220729f29%22:%91%22text_text_color%22%93}&#8221; hover_enabled=&#8221;0&#8243; sticky_enabled=&#8221;0&#8243;]<span class=\"artist-tag\"><i class=\"artist-tag-icon fas fa-paint-brush\"><\/i> Peintre<\/span>[\/et_pb_text][et_pb_text _builder_version=&#8221;4.18.0&#8243; _module_preset=&#8221;8d0aa967-416c-4687-a659-6ea4ad4be2b7&#8243; text_text_color=&#8221;gcid-b618e665-b5cb-409f-a5ce-a0d220729f29&#8243; width=&#8221;100%&#8221; custom_margin=&#8221;16px||0px||false|false&#8221; global_colors_info=&#8221;{%22gcid-b618e665-b5cb-409f-a5ce-a0d220729f29%22:%91%22text_text_color%22%93}&#8221;]<\/p>\n<div class=\"flex flex-grow flex-col gap-3\">\n<div class=\"min-h-[20px] flex flex-col items-start gap-4 whitespace-pre-wrap\">\n<div class=\"markdown prose w-full break-words dark:prose-invert light\">\n<p>Peintre mauritanien et membre de la Maison des Artistes \u00e0 Nouakchott.<\/p>\n<\/div>\n<\/div>\n<\/div>\n<p>[\/et_pb_text][\/et_pb_column][\/et_pb_row][\/et_pb_section][et_pb_section fb_built=&#8221;1&#8243; _builder_version=&#8221;4.17.3&#8243; _module_preset=&#8221;835957e5-3c94-440c-bdcd-05d3ceefc171&#8243; custom_padding=&#8221;0px|9vw|0px|9vw|true|true&#8221; custom_padding_tablet=&#8221;20px|6vw|20px|6vw|true|true&#8221; custom_padding_phone=&#8221;0px|24px|0px|24px|true|true&#8221; global_colors_info=&#8221;{}&#8221;][et_pb_row use_custom_gutter=&#8221;on&#8221; gutter_width=&#8221;1&#8243; make_equal=&#8221;on&#8221; _builder_version=&#8221;4.16&#8243; _module_preset=&#8221;e8405bc0-6af0-4abb-b47a-8624485a170e&#8221; width_phone=&#8221;100%&#8221; global_colors_info=&#8221;{}&#8221; hover_enabled=&#8221;0&#8243; sticky_enabled=&#8221;0&#8243;][et_pb_column type=&#8221;4_4&#8243; _builder_version=&#8221;4.16&#8243; _module_preset=&#8221;default&#8221; global_colors_info=&#8221;{}&#8221;][et_pb_text _builder_version=&#8221;4.16&#8243; _module_preset=&#8221;8d0aa967-416c-4687-a659-6ea4ad4be2b7&#8243; text_text_color=&#8221;gcid-b618e665-b5cb-409f-a5ce-a0d220729f29&#8243; width=&#8221;100%&#8221; custom_margin=&#8221;||8px||false|false&#8221; global_colors_info=&#8221;{%22gcid-b618e665-b5cb-409f-a5ce-a0d220729f29%22:%91%22text_text_color%22%93}&#8221;]<\/p>\n<h2>\u0152uvres disponibles<\/h2>\n<p>[\/et_pb_text][et_pb_code _builder_version=&#8221;4.19.1&#8243; _module_preset=&#8221;default&#8221; hover_enabled=&#8221;0&#8243; global_colors_info=&#8221;{}&#8221; sticky_enabled=&#8221;0&#8243;] <div class=\"woocommerce columns-4 \"><ul class=\"products columns-4\">\n<li class=\"product type-product post-3049 status-publish first instock product_cat-toile has-post-thumbnail purchasable product-type-simple\">\n\t\n<span class=\"by-vendor-name\">\n\tpar\t<a class=\"by-vendor-name-link\" href=\"https:\/\/artweast.com\/artist\/moktar-seck\/\">\n\t\tMoktar Seck\t<\/a>\n<\/span>\n<\/li>\n<li class=\"product type-product post-3057 status-publish instock product_cat-toile has-post-thumbnail purchasable product-type-simple\">\n\t\n<span class=\"by-vendor-name\">\n\tpar\t<a class=\"by-vendor-name-link\" href=\"https:\/\/artweast.com\/artist\/moktar-seck\/\">\n\t\tMoktar Seck\t<\/a>\n<\/span>\n<\/li>\n<li class=\"product type-product post-3028 status-publish instock product_cat-toile has-post-thumbnail purchasable product-type-simple\">\n\t\n<span class=\"by-vendor-name\">\n\tpar\t<a class=\"by-vendor-name-link\" href=\"https:\/\/artweast.com\/artist\/moktar-seck\/\">\n\t\tMoktar Seck\t<\/a>\n<\/span>\n<\/li>\n<li class=\"product type-product post-3069 status-publish last instock product_cat-toile has-post-thumbnail purchasable product-type-simple\">\n\t\n<span class=\"by-vendor-name\">\n\tpar\t<a class=\"by-vendor-name-link\" href=\"https:\/\/artweast.com\/artist\/moktar-seck\/\">\n\t\tMoktar Seck\t<\/a>\n<\/span>\n<\/li>\n<li class=\"product type-product post-3053 status-publish first instock product_cat-toile has-post-thumbnail purchasable product-type-simple\">\n\t\n<span class=\"by-vendor-name\">\n\tpar\t<a class=\"by-vendor-name-link\" href=\"https:\/\/artweast.com\/artist\/moktar-seck\/\">\n\t\tMoktar Seck\t<\/a>\n<\/span>\n<\/li>\n<li class=\"product type-product post-3082 status-publish instock product_cat-toile has-post-thumbnail purchasable product-type-simple\">\n\t\n<span class=\"by-vendor-name\">\n\tpar\t<a class=\"by-vendor-name-link\" href=\"https:\/\/artweast.com\/artist\/moktar-seck\/\">\n\t\tMoktar Seck\t<\/a>\n<\/span>\n<\/li>\n<li class=\"product type-product post-3038 status-publish instock product_cat-toile has-post-thumbnail purchasable product-type-simple\">\n\t\n<span class=\"by-vendor-name\">\n\tpar\t<a class=\"by-vendor-name-link\" href=\"https:\/\/artweast.com\/artist\/moktar-seck\/\">\n\t\tMoktar Seck\t<\/a>\n<\/span>\n<\/li>\n<li class=\"product type-product post-3078 status-publish last instock product_cat-toile has-post-thumbnail purchasable product-type-simple\">\n\t\n<span class=\"by-vendor-name\">\n\tpar\t<a class=\"by-vendor-name-link\" href=\"https:\/\/artweast.com\/artist\/moktar-seck\/\">\n\t\tMoktar Seck\t<\/a>\n<\/span>\n<\/li>\n<\/ul>\n<\/div>[\/et_pb_code][\/et_pb_column][\/et_pb_row][\/et_pb_section][et_pb_section fb_built=&#8221;1&#8243; disabled_on=&#8221;on|off|off&#8221; _builder_version=&#8221;4.17.3&#8243; _module_preset=&#8221;835957e5-3c94-440c-bdcd-05d3ceefc171&#8243; custom_padding=&#8221;0px|6vw|52px|6vw|false|true&#8221; custom_padding_tablet=&#8221;20px|6vw|20px|6vw|true|true&#8221; custom_padding_phone=&#8221;0px|24px|0px|24px|true|true&#8221; global_colors_info=&#8221;{}&#8221;][et_pb_row _builder_version=&#8221;4.16&#8243; _module_preset=&#8221;e8405bc0-6af0-4abb-b47a-8624485a170e&#8221; width_phone=&#8221;100%&#8221; global_colors_info=&#8221;{}&#8221;][et_pb_column type=&#8221;4_4&#8243; module_class=&#8221;ds-vertical-align&#8221; _builder_version=&#8221;4.16&#8243; _module_preset=&#8221;default&#8221; global_colors_info=&#8221;{}&#8221;][et_pb_text _builder_version=&#8221;4.18.0&#8243; _module_preset=&#8221;8d0aa967-416c-4687-a659-6ea4ad4be2b7&#8243; text_text_color=&#8221;gcid-b618e665-b5cb-409f-a5ce-a0d220729f29&#8243; width=&#8221;100%&#8221; custom_margin=&#8221;||4px||false|false&#8221; global_colors_info=&#8221;{%22gcid-b618e665-b5cb-409f-a5ce-a0d220729f29%22:%91%22text_text_color%22%93}&#8221;]<\/p>\n<h2>\u00c0 propos de Moktar Seck<\/h2>\n<p>[\/et_pb_text][et_pb_text _builder_version=&#8221;4.18.0&#8243; _module_preset=&#8221;8d0aa967-416c-4687-a659-6ea4ad4be2b7&#8243; text_text_color=&#8221;gcid-b618e665-b5cb-409f-a5ce-a0d220729f29&#8243; width=&#8221;100%&#8221; custom_margin=&#8221;0px||0px||false|false&#8221; global_colors_info=&#8221;{%22gcid-b618e665-b5cb-409f-a5ce-a0d220729f29%22:%91%22text_text_color%22%93}&#8221;]<\/p>\n<p>Je suis n\u00e9 en 1974 et vis \u00e0 Nouakchott, la capitale de la Mauritanie. Je parle la langue Pulaar et je parle aussi un peu fran\u00e7ais. Je peins des tableaux avec le soutien du Ma\u00eetre Mokhis \u00e0 la Maison des Artistes de Nouakchott depuis 2018. Je m&#8217;exprime \u00e0 travers mes peintures, c&#8217;est pourquoi j&#8217;appr\u00e9cie quand les gens les regardent. Je travaille \u00e9galement sur des tableaux peints \u00e0 quatre mains avec d&#8217;autres artistes de la Maison des Artistes. <\/p>\n<p>[\/et_pb_text][\/et_pb_column][\/et_pb_row][\/et_pb_section]<\/p>\n","protected":false},"excerpt":{"rendered":"<p>Moktar Seck Nouakchott Peintre Peintre mauritanien et membre de la Maison des Artistes \u00e0 Nouakchott. \u0152uvres disponibles <div class=\"woocommerce columns-4 \"><ul class=\"products columns-4\">\n<li class=\"product type-product post-3049 status-publish first instock product_cat-toile has-post-thumbnail purchasable product-type-simple\">\n\t\n<span class=\"by-vendor-name\">\n\tpar\t<a class=\"by-vendor-name-link\" href=\"https:\/\/artweast.com\/artist\/moktar-seck\/\">\n\t\tMoktar Seck\t<\/a>\n<\/span>\n<\/li>\n<li class=\"product type-product post-3057 status-publish instock product_cat-toile has-post-thumbnail purchasable product-type-simple\">\n\t\n<span class=\"by-vendor-name\">\n\tpar\t<a class=\"by-vendor-name-link\" href=\"https:\/\/artweast.com\/artist\/moktar-seck\/\">\n\t\tMoktar Seck\t<\/a>\n<\/span>\n<\/li>\n<li class=\"product type-product post-3028 status-publish instock product_cat-toile has-post-thumbnail purchasable product-type-simple\">\n\t\n<span class=\"by-vendor-name\">\n\tpar\t<a class=\"by-vendor-name-link\" href=\"https:\/\/artweast.com\/artist\/moktar-seck\/\">\n\t\tMoktar Seck\t<\/a>\n<\/span>\n<\/li>\n<li class=\"product type-product post-3069 status-publish last instock product_cat-toile has-post-thumbnail purchasable product-type-simple\">\n\t\n<span class=\"by-vendor-name\">\n\tpar\t<a class=\"by-vendor-name-link\" href=\"https:\/\/artweast.com\/artist\/moktar-seck\/\">\n\t\tMoktar Seck\t<\/a>\n<\/span>\n<\/li>\n<li class=\"product type-product post-3053 status-publish first instock product_cat-toile has-post-thumbnail purchasable product-type-simple\">\n\t\n<span class=\"by-vendor-name\">\n\tpar\t<a class=\"by-vendor-name-link\" href=\"https:\/\/artweast.com\/artist\/moktar-seck\/\">\n\t\tMoktar Seck\t<\/a>\n<\/span>\n<\/li>\n<li class=\"product type-product post-3082 status-publish instock product_cat-toile has-post-thumbnail purchasable product-type-simple\">\n\t\n<span class=\"by-vendor-name\">\n\tpar\t<a class=\"by-vendor-name-link\" href=\"https:\/\/artweast.com\/artist\/moktar-seck\/\">\n\t\tMoktar Seck\t<\/a>\n<\/span>\n<\/li>\n<li class=\"product type-product post-3038 status-publish instock product_cat-toile has-post-thumbnail purchasable product-type-simple\">\n\t\n<span class=\"by-vendor-name\">\n\tpar\t<a class=\"by-vendor-name-link\" href=\"https:\/\/artweast.com\/artist\/moktar-seck\/\">\n\t\tMoktar Seck\t<\/a>\n<\/span>\n<\/li>\n<li class=\"product type-product post-3078 status-publish last instock product_cat-toile has-post-thumbnail purchasable product-type-simple\">\n\t\n<span class=\"by-vendor-name\">\n\tpar\t<a class=\"by-vendor-name-link\" href=\"https:\/\/artweast.com\/artist\/moktar-seck\/\">\n\t\tMoktar Seck\t<\/a>\n<\/span>\n<\/li>\n<\/ul>\n<\/div>\u00c0 propos de Moktar SeckJe suis n\u00e9 en 1974 et vis \u00e0 Nouakchott, la capitale de la Mauritanie. Je parle la langue Pulaar et je parle aussi un peu fran\u00e7ais. Je peins des tableaux avec le soutien [&hellip;]<\/p>\n","protected":false},"author":1,"featured_media":0,"parent":3083,"menu_order":0,"comment_status":"closed","ping_status":"closed","template":"","meta":{"_et_pb_use_builder":"on","_et_pb_old_content":"","_et_gb_content_width":""},"acf":[],"_links":{"self":[{"href":"https:\/\/artweast.com\/fr\/wp-json\/wp\/v2\/pages\/3025"}],"collection":[{"href":"https:\/\/artweast.com\/fr\/wp-json\/wp\/v2\/pages"}],"about":[{"href":"https:\/\/artweast.com\/fr\/wp-json\/wp\/v2\/types\/page"}],"author":[{"embeddable":true,"href":"https:\/\/artweast.com\/fr\/wp-json\/wp\/v2\/users\/1"}],"replies":[{"embeddable":true,"href":"https:\/\/artweast.com\/fr\/wp-json\/wp\/v2\/comments?post=3025"}],"version-history":[{"count":2,"href":"https:\/\/artweast.com\/fr\/wp-json\/wp\/v2\/pages\/3025\/revisions"}],"predecessor-version":[{"id":3027,"href":"https:\/\/artweast.com\/fr\/wp-json\/wp\/v2\/pages\/3025\/revisions\/3027"}],"up":[{"embeddable":true,"href":"https:\/\/artweast.com\/fr\/wp-json\/wp\/v2\/pages\/3083"}],"wp:attachment":[{"href":"https:\/\/artweast.com\/fr\/wp-json\/wp\/v2\/media?parent=3025"}],"curies":[{"name":"wp","href":"https:\/\/api.w.org\/{rel}","templated":true}]}}